{"id":2,"date":"2025-11-27T14:41:59","date_gmt":"2025-11-27T14:41:59","guid":{"rendered":"https:\/\/csu3.net\/?page_id=2"},"modified":"2026-01-26T15:42:53","modified_gmt":"2026-01-26T15:42:53","slug":"sample-page","status":"publish","type":"page","link":"https:\/\/csu3.net\/?page_id=2","title":{"rendered":"Pistes"},"content":{"rendered":"\n<figure class=\"wp-block-image size-large\"><img loading=\"lazy\" decoding=\"async\" width=\"1024\" height=\"272\" src=\"https:\/\/csu3.net\/wp-content\/uploads\/2026\/01\/Aeroport1-1024x272.jpg\" alt=\"\" class=\"wp-image-48\" srcset=\"https:\/\/csu3.net\/wp-content\/uploads\/2026\/01\/Aeroport1-1024x272.jpg 1024w, https:\/\/csu3.net\/wp-content\/uploads\/2026\/01\/Aeroport1-300x80.jpg 300w, https:\/\/csu3.net\/wp-content\/uploads\/2026\/01\/Aeroport1-768x204.jpg 768w, https:\/\/csu3.net\/wp-content\/uploads\/2026\/01\/Aeroport1.jpg 1338w\" sizes=\"auto, (max-width: 1024px) 100vw, 1024px\" \/><\/figure>\n\n\n\n<p>La piste unique pav\u00e9e s\u2019\u00e9tends sur un axe nord-sud sur 3 888 X 59 pieds (1185 X 18 m\u00e8tres) avec un d\u00e9gagement lat\u00e9ral total de 75 pieds (23 m\u00e8tres).<\/p>\n\n\n\n<p><strong>\u00c9clairage&nbsp;:<\/strong> Arcal de type J<\/p>\n\n\n\n<blockquote class=\"wp-block-quote is-layout-flow wp-block-quote-is-layout-flow\">\n<p><strong>Piste 02&nbsp;:<\/strong>&nbsp;&nbsp;<\/p>\n\n\n\n<p>Seuil d\u00e9cal\u00e9 de 254 pieds. Orientation magn\u00e9tique de 019\u00b0 M. \u00c9l\u00e9vation au seuil de 117\u2019 MSL. Circuit standard. TODA et TORA: 3710 pieds.<\/p>\n<\/blockquote>\n\n\n\n<p><\/p>\n\n\n\n<blockquote class=\"wp-block-quote is-layout-flow wp-block-quote-is-layout-flow\">\n<p><strong>Piste 20&nbsp;:&nbsp;<\/strong><\/p>\n\n\n\n<p>Seuil d\u00e9cal\u00e9 de 302 pieds. Orientation magn\u00e9tique de 199\u00b0 M. \u00c9l\u00e9vation au seuil de 116\u2019 MSL. Circuit \u00e0 droite. TODA et TORA\u00a0: 3685 pieds.<\/p>\n<\/blockquote>\n\n\n\n<p>Attention:<br>Les pistes sont partiellement d\u00e9neig\u00e9es durant la p\u00e9riode hivernale.<\/p>\n\n\n\n<div class=\"wp-block-buttons is-layout-flex wp-block-buttons-is-layout-flex\">\n<div class=\"wp-block-button\"><a class=\"wp-block-button__link wp-element-button\" href=\"https:\/\/csu3.net\/\">Retour<\/a><\/div>\n<\/div>\n","protected":false},"excerpt":{"rendered":"<p>La piste unique pav\u00e9e s\u2019\u00e9tends sur un axe nord-sud sur 3 888 X 59 pieds (1185 X 18 m\u00e8tres) avec un d\u00e9gagement lat\u00e9ral total de 75 pieds (23 m\u00e8tres). \u00c9clairage&nbsp;: Arcal de type J Piste 02&nbsp;:&nbsp;&nbsp; Seuil d\u00e9cal\u00e9 de 254 pieds. Orientation magn\u00e9tique de 019\u00b0 M. \u00c9l\u00e9vation au seuil de 117\u2019 MSL. Circuit standard. TODA [&hellip;]<\/p>\n","protected":false},"author":1,"featured_media":0,"parent":0,"menu_order":0,"comment_status":"closed","ping_status":"open","template":"","meta":{"footnotes":""},"class_list":["post-2","page","type-page","status-publish","hentry"],"yoast_head":"<!-- This site is optimized with the Yoast SEO plugin v27.4 - https:\/\/yoast.com\/product\/yoast-seo-wordpress\/ -->\n<title>Pistes - A\u00e9roport de St-Hyacinthe - CSU3<\/title>\n<meta name=\"robots\" content=\"index, follow, max-snippet:-1, max-image-preview:large, max-video-preview:-1\" \/>\n<link rel=\"canonical\" href=\"https:\/\/csu3.net\/?page_id=2\" \/>\n<meta property=\"og:locale\" content=\"fr_CA\" \/>\n<meta property=\"og:type\" content=\"article\" \/>\n<meta property=\"og:title\" content=\"Pistes - A\u00e9roport de St-Hyacinthe - CSU3\" \/>\n<meta property=\"og:description\" content=\"La piste unique pav\u00e9e s\u2019\u00e9tends sur un axe nord-sud sur 3 888 X 59 pieds (1185 X 18 m\u00e8tres) avec un d\u00e9gagement lat\u00e9ral total de 75 pieds (23 m\u00e8tres). \u00c9clairage&nbsp;: Arcal de type J Piste 02&nbsp;:&nbsp;&nbsp; Seuil d\u00e9cal\u00e9 de 254 pieds. Orientation magn\u00e9tique de 019\u00b0 M. \u00c9l\u00e9vation au seuil de 117\u2019 MSL. Circuit standard. TODA [&hellip;]\" \/>\n<meta property=\"og:url\" content=\"https:\/\/csu3.net\/?page_id=2\" \/>\n<meta property=\"og:site_name\" content=\"A\u00e9roport de St-Hyacinthe - CSU3\" \/>\n<meta property=\"article:modified_time\" content=\"2026-01-26T15:42:53+00:00\" \/>\n<meta property=\"og:image\" content=\"https:\/\/csu3.net\/wp-content\/uploads\/2026\/01\/Aeroport1.jpg\" \/>\n\t<meta property=\"og:image:width\" content=\"1338\" \/>\n\t<meta property=\"og:image:height\" content=\"355\" \/>\n\t<meta property=\"og:image:type\" content=\"image\/jpeg\" \/>\n<meta name=\"twitter:card\" content=\"summary_large_image\" \/>\n<meta name=\"twitter:label1\" content=\"Estimation du temps de lecture\" \/>\n\t<meta name=\"twitter:data1\" content=\"1 minute\" \/>\n<script type=\"application\/ld+json\" class=\"yoast-schema-graph\">{\"@context\":\"https:\\\/\\\/schema.org\",\"@graph\":[{\"@type\":\"WebPage\",\"@id\":\"https:\\\/\\\/csu3.net\\\/?page_id=2\",\"url\":\"https:\\\/\\\/csu3.net\\\/?page_id=2\",\"name\":\"Pistes - A\u00e9roport de St-Hyacinthe - CSU3\",\"isPartOf\":{\"@id\":\"https:\\\/\\\/csu3.net\\\/#website\"},\"primaryImageOfPage\":{\"@id\":\"https:\\\/\\\/csu3.net\\\/?page_id=2#primaryimage\"},\"image\":{\"@id\":\"https:\\\/\\\/csu3.net\\\/?page_id=2#primaryimage\"},\"thumbnailUrl\":\"https:\\\/\\\/csu3.net\\\/wp-content\\\/uploads\\\/2026\\\/01\\\/Aeroport1-1024x272.jpg\",\"datePublished\":\"2025-11-27T14:41:59+00:00\",\"dateModified\":\"2026-01-26T15:42:53+00:00\",\"breadcrumb\":{\"@id\":\"https:\\\/\\\/csu3.net\\\/?page_id=2#breadcrumb\"},\"inLanguage\":\"fr-CA\",\"potentialAction\":[{\"@type\":\"ReadAction\",\"target\":[\"https:\\\/\\\/csu3.net\\\/?page_id=2\"]}]},{\"@type\":\"ImageObject\",\"inLanguage\":\"fr-CA\",\"@id\":\"https:\\\/\\\/csu3.net\\\/?page_id=2#primaryimage\",\"url\":\"https:\\\/\\\/csu3.net\\\/wp-content\\\/uploads\\\/2026\\\/01\\\/Aeroport1.jpg\",\"contentUrl\":\"https:\\\/\\\/csu3.net\\\/wp-content\\\/uploads\\\/2026\\\/01\\\/Aeroport1.jpg\",\"width\":1338,\"height\":355},{\"@type\":\"BreadcrumbList\",\"@id\":\"https:\\\/\\\/csu3.net\\\/?page_id=2#breadcrumb\",\"itemListElement\":[{\"@type\":\"ListItem\",\"position\":1,\"name\":\"Accueil\",\"item\":\"https:\\\/\\\/csu3.net\\\/\"},{\"@type\":\"ListItem\",\"position\":2,\"name\":\"Pistes\"}]},{\"@type\":\"WebSite\",\"@id\":\"https:\\\/\\\/csu3.net\\\/#website\",\"url\":\"https:\\\/\\\/csu3.net\\\/\",\"name\":\"A\u00e9roport de St-Hyacinthe - CSU3\",\"description\":\"\",\"potentialAction\":[{\"@type\":\"SearchAction\",\"target\":{\"@type\":\"EntryPoint\",\"urlTemplate\":\"https:\\\/\\\/csu3.net\\\/?s={search_term_string}\"},\"query-input\":{\"@type\":\"PropertyValueSpecification\",\"valueRequired\":true,\"valueName\":\"search_term_string\"}}],\"inLanguage\":\"fr-CA\"}]}<\/script>\n<!-- \/ Yoast SEO plugin. -->","yoast_head_json":{"title":"Pistes - A\u00e9roport de St-Hyacinthe - CSU3","robots":{"index":"index","follow":"follow","max-snippet":"max-snippet:-1","max-image-preview":"max-image-preview:large","max-video-preview":"max-video-preview:-1"},"canonical":"https:\/\/csu3.net\/?page_id=2","og_locale":"fr_CA","og_type":"article","og_title":"Pistes - A\u00e9roport de St-Hyacinthe - CSU3","og_description":"La piste unique pav\u00e9e s\u2019\u00e9tends sur un axe nord-sud sur 3 888 X 59 pieds (1185 X 18 m\u00e8tres) avec un d\u00e9gagement lat\u00e9ral total de 75 pieds (23 m\u00e8tres). \u00c9clairage&nbsp;: Arcal de type J Piste 02&nbsp;:&nbsp;&nbsp; Seuil d\u00e9cal\u00e9 de 254 pieds. Orientation magn\u00e9tique de 019\u00b0 M. \u00c9l\u00e9vation au seuil de 117\u2019 MSL. Circuit standard. TODA [&hellip;]","og_url":"https:\/\/csu3.net\/?page_id=2","og_site_name":"A\u00e9roport de St-Hyacinthe - CSU3","article_modified_time":"2026-01-26T15:42:53+00:00","og_image":[{"width":1338,"height":355,"url":"https:\/\/csu3.net\/wp-content\/uploads\/2026\/01\/Aeroport1.jpg","type":"image\/jpeg"}],"twitter_card":"summary_large_image","twitter_misc":{"Estimation du temps de lecture":"1 minute"},"schema":{"@context":"https:\/\/schema.org","@graph":[{"@type":"WebPage","@id":"https:\/\/csu3.net\/?page_id=2","url":"https:\/\/csu3.net\/?page_id=2","name":"Pistes - A\u00e9roport de St-Hyacinthe - CSU3","isPartOf":{"@id":"https:\/\/csu3.net\/#website"},"primaryImageOfPage":{"@id":"https:\/\/csu3.net\/?page_id=2#primaryimage"},"image":{"@id":"https:\/\/csu3.net\/?page_id=2#primaryimage"},"thumbnailUrl":"https:\/\/csu3.net\/wp-content\/uploads\/2026\/01\/Aeroport1-1024x272.jpg","datePublished":"2025-11-27T14:41:59+00:00","dateModified":"2026-01-26T15:42:53+00:00","breadcrumb":{"@id":"https:\/\/csu3.net\/?page_id=2#breadcrumb"},"inLanguage":"fr-CA","potentialAction":[{"@type":"ReadAction","target":["https:\/\/csu3.net\/?page_id=2"]}]},{"@type":"ImageObject","inLanguage":"fr-CA","@id":"https:\/\/csu3.net\/?page_id=2#primaryimage","url":"https:\/\/csu3.net\/wp-content\/uploads\/2026\/01\/Aeroport1.jpg","contentUrl":"https:\/\/csu3.net\/wp-content\/uploads\/2026\/01\/Aeroport1.jpg","width":1338,"height":355},{"@type":"BreadcrumbList","@id":"https:\/\/csu3.net\/?page_id=2#breadcrumb","itemListElement":[{"@type":"ListItem","position":1,"name":"Accueil","item":"https:\/\/csu3.net\/"},{"@type":"ListItem","position":2,"name":"Pistes"}]},{"@type":"WebSite","@id":"https:\/\/csu3.net\/#website","url":"https:\/\/csu3.net\/","name":"A\u00e9roport de St-Hyacinthe - CSU3","description":"","potentialAction":[{"@type":"SearchAction","target":{"@type":"EntryPoint","urlTemplate":"https:\/\/csu3.net\/?s={search_term_string}"},"query-input":{"@type":"PropertyValueSpecification","valueRequired":true,"valueName":"search_term_string"}}],"inLanguage":"fr-CA"}]}},"_links":{"self":[{"href":"https:\/\/csu3.net\/index.php?rest_route=\/wp\/v2\/pages\/2","targetHints":{"allow":["GET"]}}],"collection":[{"href":"https:\/\/csu3.net\/index.php?rest_route=\/wp\/v2\/pages"}],"about":[{"href":"https:\/\/csu3.net\/index.php?rest_route=\/wp\/v2\/types\/page"}],"author":[{"embeddable":true,"href":"https:\/\/csu3.net\/index.php?rest_route=\/wp\/v2\/users\/1"}],"replies":[{"embeddable":true,"href":"https:\/\/csu3.net\/index.php?rest_route=%2Fwp%2Fv2%2Fcomments&post=2"}],"version-history":[{"count":6,"href":"https:\/\/csu3.net\/index.php?rest_route=\/wp\/v2\/pages\/2\/revisions"}],"predecessor-version":[{"id":91,"href":"https:\/\/csu3.net\/index.php?rest_route=\/wp\/v2\/pages\/2\/revisions\/91"}],"wp:attachment":[{"href":"https:\/\/csu3.net\/index.php?rest_route=%2Fwp%2Fv2%2Fmedia&parent=2"}],"curies":[{"name":"wp","href":"https:\/\/api.w.org\/{rel}","templated":true}]}}