{"id":7,"date":"2025-11-27T18:00:19","date_gmt":"2025-11-27T18:00:19","guid":{"rendered":"https:\/\/csu3.net\/?page_id=7"},"modified":"2026-01-26T15:36:48","modified_gmt":"2026-01-26T15:36:48","slug":"aeroport-de-st-hyacinthe-csu3","status":"publish","type":"page","link":"https:\/\/csu3.net\/","title":{"rendered":"Bienvenue \u00e0 CSU3"},"content":{"rendered":"\n<p class=\"is-style-default has-medium-font-size\">L\u2019a\u00e9roport de Saint-Hyacinthe est dirig\u00e9 par un organisme \u00e0 but non-lucratif (OBNL) qui a pour but premier de g\u00e9rer les activit\u00e9s quotidiennes de l\u2019a\u00e9roport et d\u2019assurer la p\u00e9rennit\u00e9 des installations a\u00e9roportuaires. Les membres du conseil d\u2019administration de l\u2019OBNL, tous b\u00e9n\u00e9voles, sont des pilotes et propri\u00e9taires de hangar ainsi que des professionnels de l\u2019industrie a\u00e9ronautique de la r\u00e9gion Maskoutaine.<\/p>\n\n\n\n<p class=\"has-medium-font-size\">L\u2019OBNL a, entre autres, r\u00e9cemment proc\u00e9d\u00e9 \u00e0 une modernisation compl\u00e8te des installations a\u00e9roportuaires ce qui \u00e0 terme, permettra d\u2019engendrer des retomb\u00e9es \u00e9conomiques directes et indirectes pour toute la r\u00e9gion Maskoutaine.<\/p>\n\n\n\n<p class=\"has-medium-font-size\">Le membres de l\u2019OBNL ont un int\u00e9r\u00eat particulier dans l\u2019engagement communautaire et sont impliqu\u00e9s dans une multitude d\u2019activit\u00e9s caritatives de la r\u00e9gion telles que l\u2019organisation d\u2019activit\u00e9s de d\u00e9couvertes du monde de l\u2019a\u00e9ronautique et de l\u2019aviation destin\u00e9es aux jeunes et moins jeunes de la r\u00e9gion ou la commandite d\u2019\u00e9quipes sportives locales. L\u2019engagement social des entreprises install\u00e9es \u00e0 l\u2019a\u00e9roport de Saint-Hyacinthe fait d\u2019ailleurs partie des conditions requises pour recevoir l\u2019autorisation d\u2019utiliser les installations a\u00e9roportuaires puisque cette condition est essentielle \u00e0 l\u2019atteinte des objectifs de l\u2019OBNL.<\/p>\n\n\n\n<h2 class=\"wp-block-heading has-text-align-center is-style-default\"><strong><u>Notes&nbsp;importantes:<\/u><\/strong><\/h2>\n\n\n\n<p class=\"has-text-align-center\">Nouvelle Fr\u00e9quence <strong>123,225 MHz<\/strong><\/p>\n\n\n\n<p class=\"has-text-align-center\"><strong>Attention aux NOTAMs<\/strong><\/p>\n\n\n\n<figure class=\"wp-block-image size-full\"><img loading=\"lazy\" decoding=\"async\" width=\"998\" height=\"499\" src=\"https:\/\/csu3.net\/wp-content\/uploads\/2025\/11\/frequence_mf.png\" alt=\"\" class=\"wp-image-11\" srcset=\"https:\/\/csu3.net\/wp-content\/uploads\/2025\/11\/frequence_mf.png 998w, https:\/\/csu3.net\/wp-content\/uploads\/2025\/11\/frequence_mf-300x150.png 300w, https:\/\/csu3.net\/wp-content\/uploads\/2025\/11\/frequence_mf-768x384.png 768w\" sizes=\"auto, (max-width: 998px) 100vw, 998px\" \/><\/figure>\n\n\n\n<div class=\"wp-block-buttons is-content-justification-center is-nowrap is-layout-flex wp-container-core-buttons-is-layout-23441af8 wp-block-buttons-is-layout-flex\">\n<div class=\"wp-block-button has-custom-width wp-block-button__width-50\"><a class=\"wp-block-button__link has-text-align-center wp-element-button\" href=\"https:\/\/csu3.net\/?page_id=2\">Piste<\/a><\/div>\n<\/div>\n\n\n\n<div class=\"wp-block-buttons is-content-justification-center is-layout-flex wp-container-core-buttons-is-layout-a89b3969 wp-block-buttons-is-layout-flex\">\n<div class=\"wp-block-button has-custom-width wp-block-button__width-50\"><a class=\"wp-block-button__link wp-element-button\" href=\"https:\/\/csu3.net\/?page_id=41\">Com \/ Nav<\/a><\/div>\n<\/div>\n\n\n\n<div class=\"wp-block-buttons is-content-justification-center is-layout-flex wp-container-core-buttons-is-layout-a89b3969 wp-block-buttons-is-layout-flex\">\n<div class=\"wp-block-button has-custom-width wp-block-button__width-50\"><a class=\"wp-block-button__link wp-element-button\" href=\"https:\/\/csu3.net\/?page_id=44\">Essence<\/a><\/div>\n<\/div>\n\n\n\n<div class=\"wp-block-buttons is-content-justification-center is-layout-flex wp-container-core-buttons-is-layout-a89b3969 wp-block-buttons-is-layout-flex\">\n<div class=\"wp-block-button has-custom-width wp-block-button__width-50\"><a class=\"wp-block-button__link wp-element-button\" href=\"https:\/\/csu3.net\/?page_id=45\">Services<\/a><\/div>\n<\/div>\n\n\n\n<div class=\"wp-block-buttons is-content-justification-center is-layout-flex wp-container-core-buttons-is-layout-a89b3969 wp-block-buttons-is-layout-flex\">\n<div class=\"wp-block-button has-custom-width wp-block-button__width-50\"><a class=\"wp-block-button__link wp-element-button\" href=\"https:\/\/csu3.awos.live\" target=\"_blank\" rel=\"noreferrer noopener\">AWOS<\/a><\/div>\n<\/div>\n\n\n\n<p><\/p>\n\n\n\n<p class=\"has-text-align-center has-medium-font-size\"><strong>Contact&nbsp;:<\/strong><\/p>\n\n\n\n<p class=\"has-text-align-center has-medium-font-size\"><em>1075 avenue de l&rsquo;A\u00e9roport <\/em><\/p>\n\n\n\n<p class=\"has-text-align-center has-medium-font-size\"><em>Saint-Hyacinthe, Qc<\/em><\/p>\n\n\n\n<p class=\"has-text-align-center has-medium-font-size\"><em>J2S 9A6<\/em><\/p>\n\n\n\n<p class=\"has-text-align-center\"><a href=\"mailto:operations@csu3.net\">operations@csu3.net<\/a><\/p>\n\n\n\n<p class=\"has-text-align-center has-medium-font-size\">450-252-1000<\/p>\n\n\n\n<p><\/p>\n","protected":false},"excerpt":{"rendered":"<p>L\u2019a\u00e9roport de Saint-Hyacinthe est dirig\u00e9 par un organisme \u00e0 but non-lucratif (OBNL) qui a pour but premier de g\u00e9rer les activit\u00e9s quotidiennes de l\u2019a\u00e9roport et d\u2019assurer la p\u00e9rennit\u00e9 des installations a\u00e9roportuaires. Les membres du conseil d\u2019administration de l\u2019OBNL, tous b\u00e9n\u00e9voles, sont des pilotes et propri\u00e9taires de hangar ainsi que des professionnels de l\u2019industrie a\u00e9ronautique de [&hellip;]<\/p>\n","protected":false},"author":1,"featured_media":20,"parent":0,"menu_order":0,"comment_status":"closed","ping_status":"closed","template":"","meta":{"footnotes":""},"class_list":["post-7","page","type-page","status-publish","has-post-thumbnail","hentry"],"yoast_head":"<!-- This site is optimized with the Yoast SEO plugin v27.4 - https:\/\/yoast.com\/product\/yoast-seo-wordpress\/ -->\n<title>Bienvenue \u00e0 CSU3 - A\u00e9roport de St-Hyacinthe - CSU3<\/title>\n<meta name=\"robots\" content=\"index, follow, max-snippet:-1, max-image-preview:large, max-video-preview:-1\" \/>\n<link rel=\"canonical\" href=\"https:\/\/csu3.net\/\" \/>\n<meta property=\"og:locale\" content=\"fr_CA\" \/>\n<meta property=\"og:type\" content=\"article\" \/>\n<meta property=\"og:title\" content=\"Bienvenue \u00e0 CSU3 - A\u00e9roport de St-Hyacinthe - CSU3\" \/>\n<meta property=\"og:description\" content=\"L\u2019a\u00e9roport de Saint-Hyacinthe est dirig\u00e9 par un organisme \u00e0 but non-lucratif (OBNL) qui a pour but premier de g\u00e9rer les activit\u00e9s quotidiennes de l\u2019a\u00e9roport et d\u2019assurer la p\u00e9rennit\u00e9 des installations a\u00e9roportuaires. Les membres du conseil d\u2019administration de l\u2019OBNL, tous b\u00e9n\u00e9voles, sont des pilotes et propri\u00e9taires de hangar ainsi que des professionnels de l\u2019industrie a\u00e9ronautique de [&hellip;]\" \/>\n<meta property=\"og:url\" content=\"https:\/\/csu3.net\/\" \/>\n<meta property=\"og:site_name\" content=\"A\u00e9roport de St-Hyacinthe - CSU3\" \/>\n<meta property=\"article:modified_time\" content=\"2026-01-26T15:36:48+00:00\" \/>\n<meta property=\"og:image\" content=\"https:\/\/csu3.net\/wp-content\/uploads\/2025\/11\/Aeroport4.jpg\" \/>\n\t<meta property=\"og:image:width\" content=\"1411\" \/>\n\t<meta property=\"og:image:height\" content=\"591\" \/>\n\t<meta property=\"og:image:type\" content=\"image\/jpeg\" \/>\n<meta name=\"twitter:card\" content=\"summary_large_image\" \/>\n<meta name=\"twitter:label1\" content=\"Estimation du temps de lecture\" \/>\n\t<meta name=\"twitter:data1\" content=\"2 minutes\" \/>\n<script type=\"application\/ld+json\" class=\"yoast-schema-graph\">{\"@context\":\"https:\\\/\\\/schema.org\",\"@graph\":[{\"@type\":\"WebPage\",\"@id\":\"https:\\\/\\\/csu3.net\\\/\",\"url\":\"https:\\\/\\\/csu3.net\\\/\",\"name\":\"Bienvenue \u00e0 CSU3 - A\u00e9roport de St-Hyacinthe - CSU3\",\"isPartOf\":{\"@id\":\"https:\\\/\\\/csu3.net\\\/#website\"},\"primaryImageOfPage\":{\"@id\":\"https:\\\/\\\/csu3.net\\\/#primaryimage\"},\"image\":{\"@id\":\"https:\\\/\\\/csu3.net\\\/#primaryimage\"},\"thumbnailUrl\":\"https:\\\/\\\/csu3.net\\\/wp-content\\\/uploads\\\/2025\\\/11\\\/Aeroport4.jpg\",\"datePublished\":\"2025-11-27T18:00:19+00:00\",\"dateModified\":\"2026-01-26T15:36:48+00:00\",\"breadcrumb\":{\"@id\":\"https:\\\/\\\/csu3.net\\\/#breadcrumb\"},\"inLanguage\":\"fr-CA\",\"potentialAction\":[{\"@type\":\"ReadAction\",\"target\":[\"https:\\\/\\\/csu3.net\\\/\"]}]},{\"@type\":\"ImageObject\",\"inLanguage\":\"fr-CA\",\"@id\":\"https:\\\/\\\/csu3.net\\\/#primaryimage\",\"url\":\"https:\\\/\\\/csu3.net\\\/wp-content\\\/uploads\\\/2025\\\/11\\\/Aeroport4.jpg\",\"contentUrl\":\"https:\\\/\\\/csu3.net\\\/wp-content\\\/uploads\\\/2025\\\/11\\\/Aeroport4.jpg\",\"width\":1411,\"height\":591},{\"@type\":\"BreadcrumbList\",\"@id\":\"https:\\\/\\\/csu3.net\\\/#breadcrumb\",\"itemListElement\":[{\"@type\":\"ListItem\",\"position\":1,\"name\":\"Accueil\",\"item\":\"https:\\\/\\\/csu3.net\\\/\"},{\"@type\":\"ListItem\",\"position\":2,\"name\":\"Bienvenue \u00e0 CSU3\"}]},{\"@type\":\"WebSite\",\"@id\":\"https:\\\/\\\/csu3.net\\\/#website\",\"url\":\"https:\\\/\\\/csu3.net\\\/\",\"name\":\"A\u00e9roport de St-Hyacinthe - CSU3\",\"description\":\"\",\"potentialAction\":[{\"@type\":\"SearchAction\",\"target\":{\"@type\":\"EntryPoint\",\"urlTemplate\":\"https:\\\/\\\/csu3.net\\\/?s={search_term_string}\"},\"query-input\":{\"@type\":\"PropertyValueSpecification\",\"valueRequired\":true,\"valueName\":\"search_term_string\"}}],\"inLanguage\":\"fr-CA\"}]}<\/script>\n<!-- \/ Yoast SEO plugin. -->","yoast_head_json":{"title":"Bienvenue \u00e0 CSU3 - A\u00e9roport de St-Hyacinthe - CSU3","robots":{"index":"index","follow":"follow","max-snippet":"max-snippet:-1","max-image-preview":"max-image-preview:large","max-video-preview":"max-video-preview:-1"},"canonical":"https:\/\/csu3.net\/","og_locale":"fr_CA","og_type":"article","og_title":"Bienvenue \u00e0 CSU3 - A\u00e9roport de St-Hyacinthe - CSU3","og_description":"L\u2019a\u00e9roport de Saint-Hyacinthe est dirig\u00e9 par un organisme \u00e0 but non-lucratif (OBNL) qui a pour but premier de g\u00e9rer les activit\u00e9s quotidiennes de l\u2019a\u00e9roport et d\u2019assurer la p\u00e9rennit\u00e9 des installations a\u00e9roportuaires. Les membres du conseil d\u2019administration de l\u2019OBNL, tous b\u00e9n\u00e9voles, sont des pilotes et propri\u00e9taires de hangar ainsi que des professionnels de l\u2019industrie a\u00e9ronautique de [&hellip;]","og_url":"https:\/\/csu3.net\/","og_site_name":"A\u00e9roport de St-Hyacinthe - CSU3","article_modified_time":"2026-01-26T15:36:48+00:00","og_image":[{"width":1411,"height":591,"url":"https:\/\/csu3.net\/wp-content\/uploads\/2025\/11\/Aeroport4.jpg","type":"image\/jpeg"}],"twitter_card":"summary_large_image","twitter_misc":{"Estimation du temps de lecture":"2 minutes"},"schema":{"@context":"https:\/\/schema.org","@graph":[{"@type":"WebPage","@id":"https:\/\/csu3.net\/","url":"https:\/\/csu3.net\/","name":"Bienvenue \u00e0 CSU3 - A\u00e9roport de St-Hyacinthe - CSU3","isPartOf":{"@id":"https:\/\/csu3.net\/#website"},"primaryImageOfPage":{"@id":"https:\/\/csu3.net\/#primaryimage"},"image":{"@id":"https:\/\/csu3.net\/#primaryimage"},"thumbnailUrl":"https:\/\/csu3.net\/wp-content\/uploads\/2025\/11\/Aeroport4.jpg","datePublished":"2025-11-27T18:00:19+00:00","dateModified":"2026-01-26T15:36:48+00:00","breadcrumb":{"@id":"https:\/\/csu3.net\/#breadcrumb"},"inLanguage":"fr-CA","potentialAction":[{"@type":"ReadAction","target":["https:\/\/csu3.net\/"]}]},{"@type":"ImageObject","inLanguage":"fr-CA","@id":"https:\/\/csu3.net\/#primaryimage","url":"https:\/\/csu3.net\/wp-content\/uploads\/2025\/11\/Aeroport4.jpg","contentUrl":"https:\/\/csu3.net\/wp-content\/uploads\/2025\/11\/Aeroport4.jpg","width":1411,"height":591},{"@type":"BreadcrumbList","@id":"https:\/\/csu3.net\/#breadcrumb","itemListElement":[{"@type":"ListItem","position":1,"name":"Accueil","item":"https:\/\/csu3.net\/"},{"@type":"ListItem","position":2,"name":"Bienvenue \u00e0 CSU3"}]},{"@type":"WebSite","@id":"https:\/\/csu3.net\/#website","url":"https:\/\/csu3.net\/","name":"A\u00e9roport de St-Hyacinthe - CSU3","description":"","potentialAction":[{"@type":"SearchAction","target":{"@type":"EntryPoint","urlTemplate":"https:\/\/csu3.net\/?s={search_term_string}"},"query-input":{"@type":"PropertyValueSpecification","valueRequired":true,"valueName":"search_term_string"}}],"inLanguage":"fr-CA"}]}},"_links":{"self":[{"href":"https:\/\/csu3.net\/index.php?rest_route=\/wp\/v2\/pages\/7","targetHints":{"allow":["GET"]}}],"collection":[{"href":"https:\/\/csu3.net\/index.php?rest_route=\/wp\/v2\/pages"}],"about":[{"href":"https:\/\/csu3.net\/index.php?rest_route=\/wp\/v2\/types\/page"}],"author":[{"embeddable":true,"href":"https:\/\/csu3.net\/index.php?rest_route=\/wp\/v2\/users\/1"}],"replies":[{"embeddable":true,"href":"https:\/\/csu3.net\/index.php?rest_route=%2Fwp%2Fv2%2Fcomments&post=7"}],"version-history":[{"count":25,"href":"https:\/\/csu3.net\/index.php?rest_route=\/wp\/v2\/pages\/7\/revisions"}],"predecessor-version":[{"id":87,"href":"https:\/\/csu3.net\/index.php?rest_route=\/wp\/v2\/pages\/7\/revisions\/87"}],"wp:featuredmedia":[{"embeddable":true,"href":"https:\/\/csu3.net\/index.php?rest_route=\/wp\/v2\/media\/20"}],"wp:attachment":[{"href":"https:\/\/csu3.net\/index.php?rest_route=%2Fwp%2Fv2%2Fmedia&parent=7"}],"curies":[{"name":"wp","href":"https:\/\/api.w.org\/{rel}","templated":true}]}}